{"id":9607,"date":"2025-09-11T00:23:39","date_gmt":"2025-09-10T22:23:39","guid":{"rendered":"https:\/\/lumilv.indiead.ee\/toode\/stirnu-40b-43\/"},"modified":"2026-04-01T10:49:13","modified_gmt":"2026-04-01T08:49:13","slug":"stirnu-40b-43","status":"publish","type":"product","link":"https:\/\/lumimajas.lv\/ru\/\u043a\u0432\u0430\u0440\u0442\u0438\u0440\u0430\/stirnu-40b-43\/","title":{"rendered":"Stirnu 40B-43"},"content":{"rendered":"<p>\u0421\u0434\u0430\u0435\u0442\u0441\u044f \u0432 \u0434\u043e\u043b\u0433\u043e\u0441\u0440\u043e\u0447\u043d\u0443\u044e \u0430\u0440\u0435\u043d\u0434\u0443 \u043f\u0440\u044f\u043c\u043e \u043e\u0442 \u0432\u043b\u0430\u0434\u0435\u043b\u044c\u0446\u0430 \u0438 \u0431\u0435\u0437 \u043f\u043e\u0441\u0440\u0435\u0434\u043d\u0438\u0447\u0435\u0441\u043a\u043e\u0439 \u043f\u043b\u0430\u0442\u044b 3-\u043a\u043e\u043c\u043d\u0430\u0442\u043d\u0430\u044f \u043a\u0432\u0430\u0440\u0442\u0438\u0440\u0430 \u0432 \u041f\u0443\u0440\u0432\u0446\u0438\u0435\u043c\u0441\u0430, Stirnu 40B-04 \u0412 \u043a\u0432\u0430\u0440\u0442\u0438\u0440\u0435 \u0435\u0441\u0442\u044c \u0432\u0441\u0442\u0440\u043e\u0435\u043d\u043d\u0430\u044f \u043a\u0443\u0445\u043e\u043d\u043d\u0430\u044f \u043c\u0435\u0431\u0435\u043b\u044c \u0438 \u043e\u0431\u043e\u0440\u0443\u0434\u043e\u0432\u0430\u043d\u0438\u0435, \u0432\u0441\u0442\u0440\u043e\u0435\u043d\u043d\u044b\u0435 \u0448\u043a\u0430\u0444\u044b \u0438 \u043c\u0435\u0431\u0435\u043b\u044c \u0434\u043b\u044f \u0432\u0430\u043d\u043d\u043e\u0439 \u043a\u043e\u043c\u043d\u0430\u0442\u044b. \u0414\u043e\u043c\u0430\u0448\u043d\u0438\u0435 \u0436\u0438\u0432\u043e\u0442\u043d\u044b\u0435 \u0440\u0430\u0437\u0440\u0435\u0448\u0435\u043d\u044b.<\/p>\n","protected":false},"excerpt":{"rendered":"<p>\u0421\u0434\u0430\u0435\u0442\u0441\u044f \u0432 \u0434\u043e\u043b\u0433\u043e\u0441\u0440\u043e\u0447\u043d\u0443\u044e \u0430\u0440\u0435\u043d\u0434\u0443 \u043f\u0440\u044f\u043c\u043e \u043e\u0442 \u0432\u043b\u0430\u0434\u0435\u043b\u044c\u0446\u0430 \u0438 \u0431\u0435\u0437 \u043f\u043e\u0441\u0440\u0435\u0434\u043d\u0438\u0447\u0435\u0441\u043a\u043e\u0439 \u043f\u043b\u0430\u0442\u044b 3-\u043a\u043e\u043c\u043d\u0430\u0442\u043d\u0430\u044f \u043a\u0432\u0430\u0440\u0442\u0438\u0440\u0430 \u0432 \u041f\u0443\u0440\u0432\u0446\u0438\u0435\u043c\u0441\u0430, Stirnu 40B-04 \u0412 \u043a\u0432\u0430\u0440\u0442\u0438\u0440\u0435 \u0435\u0441\u0442\u044c \u0432\u0441\u0442\u0440\u043e\u0435\u043d\u043d\u0430\u044f \u043a\u0443\u0445\u043e\u043d\u043d\u0430\u044f \u043c\u0435\u0431\u0435\u043b\u044c \u0438 \u043e\u0431\u043e\u0440\u0443\u0434\u043e\u0432\u0430\u043d\u0438\u0435, \u0432\u0441\u0442\u0440\u043e\u0435\u043d\u043d\u044b\u0435 \u0448\u043a\u0430\u0444\u044b \u0438 \u043c\u0435\u0431\u0435\u043b\u044c \u0434\u043b\u044f \u0432\u0430\u043d\u043d\u043e\u0439 \u043a\u043e\u043c\u043d\u0430\u0442\u044b. \u0414\u043e\u043c\u0430\u0448\u043d\u0438\u0435 \u0436\u0438\u0432\u043e\u0442\u043d\u044b\u0435 \u0440\u0430\u0437\u0440\u0435\u0448\u0435\u043d\u044b.<\/p>\n","protected":false},"featured_media":7477,"template":"","meta":{"_acf_changed":false},"product_cat":[84],"product_tag":[],"location":[67],"class_list":{"0":"post-9607","1":"product","2":"type-product","3":"status-publish","4":"has-post-thumbnail","6":"product_cat-3-room-ru","7":"location-67","9":"first","10":"instock","11":"shipping-taxable","12":"purchasable","13":"product-type-simple"},"acf":[],"yoast_head":"<!-- This site is optimized with the Yoast SEO plugin v25.3 - https:\/\/yoast.com\/wordpress\/plugins\/seo\/ -->\n<title>Stirnu 40B-43 - Lumi Majas<\/title>\n<meta name=\"robots\" content=\"index, follow, max-snippet:-1, max-image-preview:large, max-video-preview:-1\" \/>\n<link rel=\"canonical\" href=\"https:\/\/lumimajas.lv\/ru\/\u043a\u0432\u0430\u0440\u0442\u0438\u0440\u0430\/stirnu-40b-43\/\" \/>\n<meta property=\"og:locale\" content=\"ru_RU\" \/>\n<meta property=\"og:type\" content=\"article\" \/>\n<meta property=\"og:title\" content=\"Stirnu 40B-43 - Lumi Majas\" \/>\n<meta property=\"og:description\" content=\"\u0421\u0434\u0430\u0435\u0442\u0441\u044f \u0432 \u0434\u043e\u043b\u0433\u043e\u0441\u0440\u043e\u0447\u043d\u0443\u044e \u0430\u0440\u0435\u043d\u0434\u0443 \u043f\u0440\u044f\u043c\u043e \u043e\u0442 \u0432\u043b\u0430\u0434\u0435\u043b\u044c\u0446\u0430 \u0438 \u0431\u0435\u0437 \u043f\u043e\u0441\u0440\u0435\u0434\u043d\u0438\u0447\u0435\u0441\u043a\u043e\u0439 \u043f\u043b\u0430\u0442\u044b 3-\u043a\u043e\u043c\u043d\u0430\u0442\u043d\u0430\u044f \u043a\u0432\u0430\u0440\u0442\u0438\u0440\u0430 \u0432 \u041f\u0443\u0440\u0432\u0446\u0438\u0435\u043c\u0441\u0430, Stirnu 40B-04 \u0412 \u043a\u0432\u0430\u0440\u0442\u0438\u0440\u0435 \u0435\u0441\u0442\u044c \u0432\u0441\u0442\u0440\u043e\u0435\u043d\u043d\u0430\u044f \u043a\u0443\u0445\u043e\u043d\u043d\u0430\u044f \u043c\u0435\u0431\u0435\u043b\u044c \u0438 \u043e\u0431\u043e\u0440\u0443\u0434\u043e\u0432\u0430\u043d\u0438\u0435, \u0432\u0441\u0442\u0440\u043e\u0435\u043d\u043d\u044b\u0435 \u0448\u043a\u0430\u0444\u044b \u0438 \u043c\u0435\u0431\u0435\u043b\u044c \u0434\u043b\u044f \u0432\u0430\u043d\u043d\u043e\u0439 \u043a\u043e\u043c\u043d\u0430\u0442\u044b. \u0414\u043e\u043c\u0430\u0448\u043d\u0438\u0435 \u0436\u0438\u0432\u043e\u0442\u043d\u044b\u0435 \u0440\u0430\u0437\u0440\u0435\u0448\u0435\u043d\u044b.\" \/>\n<meta property=\"og:url\" content=\"https:\/\/lumimajas.lv\/ru\/\u043a\u0432\u0430\u0440\u0442\u0438\u0440\u0430\/stirnu-40b-43\/\" \/>\n<meta property=\"og:site_name\" content=\"Lumi Majas\" \/>\n<meta property=\"article:publisher\" content=\"https:\/\/www.facebook.com\/LumiKodud\/\" \/>\n<meta property=\"article:modified_time\" content=\"2026-04-01T08:49:13+00:00\" \/>\n<meta property=\"og:image\" content=\"https:\/\/lumimajas.lv\/wp-content\/uploads\/sites\/2\/2025\/09\/images-sisupildid-stirnu-7-apt-7-imagecompressor-cover-photo-min.jpg\" \/>\n\t<meta property=\"og:image:width\" content=\"1920\" \/>\n\t<meta property=\"og:image:height\" content=\"1257\" \/>\n\t<meta property=\"og:image:type\" content=\"image\/jpeg\" \/>\n<meta name=\"twitter:card\" content=\"summary_large_image\" \/>\n<script type=\"application\/ld+json\" class=\"yoast-schema-graph\">{\"@context\":\"https:\/\/schema.org\",\"@graph\":[{\"@type\":\"WebPage\",\"@id\":\"https:\/\/lumimajas.lv\/ru\/\u043a\u0432\u0430\u0440\u0442\u0438\u0440\u0430\/stirnu-40b-43\/\",\"url\":\"https:\/\/lumimajas.lv\/ru\/\u043a\u0432\u0430\u0440\u0442\u0438\u0440\u0430\/stirnu-40b-43\/\",\"name\":\"Stirnu 40B-43 - Lumi Majas\",\"isPartOf\":{\"@id\":\"https:\/\/lumimajas.lv\/ru\/#website\"},\"primaryImageOfPage\":{\"@id\":\"https:\/\/lumimajas.lv\/ru\/\u043a\u0432\u0430\u0440\u0442\u0438\u0440\u0430\/stirnu-40b-43\/#primaryimage\"},\"image\":{\"@id\":\"https:\/\/lumimajas.lv\/ru\/\u043a\u0432\u0430\u0440\u0442\u0438\u0440\u0430\/stirnu-40b-43\/#primaryimage\"},\"thumbnailUrl\":\"https:\/\/lumimajas.lv\/wp-content\/uploads\/sites\/2\/2025\/09\/images-sisupildid-stirnu-7-apt-7-imagecompressor-cover-photo-min.jpg\",\"datePublished\":\"2025-09-10T22:23:39+00:00\",\"dateModified\":\"2026-04-01T08:49:13+00:00\",\"breadcrumb\":{\"@id\":\"https:\/\/lumimajas.lv\/ru\/\u043a\u0432\u0430\u0440\u0442\u0438\u0440\u0430\/stirnu-40b-43\/#breadcrumb\"},\"inLanguage\":\"ru-RU\",\"potentialAction\":[{\"@type\":\"ReadAction\",\"target\":[\"https:\/\/lumimajas.lv\/ru\/\u043a\u0432\u0430\u0440\u0442\u0438\u0440\u0430\/stirnu-40b-43\/\"]}]},{\"@type\":\"ImageObject\",\"inLanguage\":\"ru-RU\",\"@id\":\"https:\/\/lumimajas.lv\/ru\/\u043a\u0432\u0430\u0440\u0442\u0438\u0440\u0430\/stirnu-40b-43\/#primaryimage\",\"url\":\"https:\/\/lumimajas.lv\/wp-content\/uploads\/sites\/2\/2025\/09\/images-sisupildid-stirnu-7-apt-7-imagecompressor-cover-photo-min.jpg\",\"contentUrl\":\"https:\/\/lumimajas.lv\/wp-content\/uploads\/sites\/2\/2025\/09\/images-sisupildid-stirnu-7-apt-7-imagecompressor-cover-photo-min.jpg\",\"width\":1920,\"height\":1257},{\"@type\":\"BreadcrumbList\",\"@id\":\"https:\/\/lumimajas.lv\/ru\/\u043a\u0432\u0430\u0440\u0442\u0438\u0440\u0430\/stirnu-40b-43\/#breadcrumb\",\"itemListElement\":[{\"@type\":\"ListItem\",\"position\":1,\"name\":\"Lumi Majas\",\"item\":\"https:\/\/lumimajas.lv\/ru\/\"},{\"@type\":\"ListItem\",\"position\":2,\"name\":\"Properties\",\"item\":\"https:\/\/lumimajas.lv\/ru\/shop\/\"},{\"@type\":\"ListItem\",\"position\":3,\"name\":\"Purvciems\",\"item\":\"https:\/\/lumimajas.lv\/ru\/\u043a\u0432\u0430\u0440\u0442\u0438\u0440\u044b\/%d0%bf%d1%83%d1%80%d0%b2%d1%86%d0%b8%d0%b5%d0%bc%d1%81\/\"},{\"@type\":\"ListItem\",\"position\":4,\"name\":\"Stirnu 40B-43\"}]},{\"@type\":\"WebSite\",\"@id\":\"https:\/\/lumimajas.lv\/ru\/#website\",\"url\":\"https:\/\/lumimajas.lv\/ru\/\",\"name\":\"Lumi Majas\",\"description\":\"Lumi M\u0101jas \u012bres dz\u012bvok\u013ci\",\"publisher\":{\"@id\":\"https:\/\/lumimajas.lv\/ru\/#organization\"},\"potentialAction\":[{\"@type\":\"SearchAction\",\"target\":{\"@type\":\"EntryPoint\",\"urlTemplate\":\"https:\/\/lumimajas.lv\/ru\/?s={search_term_string}\"},\"query-input\":{\"@type\":\"PropertyValueSpecification\",\"valueRequired\":true,\"valueName\":\"search_term_string\"}}],\"inLanguage\":\"ru-RU\"},{\"@type\":\"Organization\",\"@id\":\"https:\/\/lumimajas.lv\/ru\/#organization\",\"name\":\"Lumi Majas\",\"url\":\"https:\/\/lumimajas.lv\/ru\/\",\"logo\":{\"@type\":\"ImageObject\",\"inLanguage\":\"ru-RU\",\"@id\":\"https:\/\/lumimajas.lv\/ru\/#\/schema\/logo\/image\/\",\"url\":\"https:\/\/lumimajas.lv\/wp-content\/uploads\/sites\/2\/2025\/08\/logo-header.svg\",\"contentUrl\":\"https:\/\/lumimajas.lv\/wp-content\/uploads\/sites\/2\/2025\/08\/logo-header.svg\",\"width\":1,\"height\":1,\"caption\":\"Lumi Majas\"},\"image\":{\"@id\":\"https:\/\/lumimajas.lv\/ru\/#\/schema\/logo\/image\/\"},\"sameAs\":[\"https:\/\/www.facebook.com\/LumiKodud\/\",\"https:\/\/www.instagram.com\/lumikodud\/\",\"https:\/\/www.linkedin.com\/company\/lumi-capital\"]}]}<\/script>\n<!-- \/ Yoast SEO plugin. -->","yoast_head_json":{"title":"Stirnu 40B-43 - Lumi Majas","robots":{"index":"index","follow":"follow","max-snippet":"max-snippet:-1","max-image-preview":"max-image-preview:large","max-video-preview":"max-video-preview:-1"},"canonical":"https:\/\/lumimajas.lv\/ru\/\u043a\u0432\u0430\u0440\u0442\u0438\u0440\u0430\/stirnu-40b-43\/","og_locale":"ru_RU","og_type":"article","og_title":"Stirnu 40B-43 - Lumi Majas","og_description":"\u0421\u0434\u0430\u0435\u0442\u0441\u044f \u0432 \u0434\u043e\u043b\u0433\u043e\u0441\u0440\u043e\u0447\u043d\u0443\u044e \u0430\u0440\u0435\u043d\u0434\u0443 \u043f\u0440\u044f\u043c\u043e \u043e\u0442 \u0432\u043b\u0430\u0434\u0435\u043b\u044c\u0446\u0430 \u0438 \u0431\u0435\u0437 \u043f\u043e\u0441\u0440\u0435\u0434\u043d\u0438\u0447\u0435\u0441\u043a\u043e\u0439 \u043f\u043b\u0430\u0442\u044b 3-\u043a\u043e\u043c\u043d\u0430\u0442\u043d\u0430\u044f \u043a\u0432\u0430\u0440\u0442\u0438\u0440\u0430 \u0432 \u041f\u0443\u0440\u0432\u0446\u0438\u0435\u043c\u0441\u0430, Stirnu 40B-04 \u0412 \u043a\u0432\u0430\u0440\u0442\u0438\u0440\u0435 \u0435\u0441\u0442\u044c \u0432\u0441\u0442\u0440\u043e\u0435\u043d\u043d\u0430\u044f \u043a\u0443\u0445\u043e\u043d\u043d\u0430\u044f \u043c\u0435\u0431\u0435\u043b\u044c \u0438 \u043e\u0431\u043e\u0440\u0443\u0434\u043e\u0432\u0430\u043d\u0438\u0435, \u0432\u0441\u0442\u0440\u043e\u0435\u043d\u043d\u044b\u0435 \u0448\u043a\u0430\u0444\u044b \u0438 \u043c\u0435\u0431\u0435\u043b\u044c \u0434\u043b\u044f \u0432\u0430\u043d\u043d\u043e\u0439 \u043a\u043e\u043c\u043d\u0430\u0442\u044b. \u0414\u043e\u043c\u0430\u0448\u043d\u0438\u0435 \u0436\u0438\u0432\u043e\u0442\u043d\u044b\u0435 \u0440\u0430\u0437\u0440\u0435\u0448\u0435\u043d\u044b.","og_url":"https:\/\/lumimajas.lv\/ru\/\u043a\u0432\u0430\u0440\u0442\u0438\u0440\u0430\/stirnu-40b-43\/","og_site_name":"Lumi Majas","article_publisher":"https:\/\/www.facebook.com\/LumiKodud\/","article_modified_time":"2026-04-01T08:49:13+00:00","og_image":[{"width":1920,"height":1257,"url":"https:\/\/lumimajas.lv\/wp-content\/uploads\/sites\/2\/2025\/09\/images-sisupildid-stirnu-7-apt-7-imagecompressor-cover-photo-min.jpg","type":"image\/jpeg"}],"twitter_card":"summary_large_image","schema":{"@context":"https:\/\/schema.org","@graph":[{"@type":"WebPage","@id":"https:\/\/lumimajas.lv\/ru\/\u043a\u0432\u0430\u0440\u0442\u0438\u0440\u0430\/stirnu-40b-43\/","url":"https:\/\/lumimajas.lv\/ru\/\u043a\u0432\u0430\u0440\u0442\u0438\u0440\u0430\/stirnu-40b-43\/","name":"Stirnu 40B-43 - Lumi Majas","isPartOf":{"@id":"https:\/\/lumimajas.lv\/ru\/#website"},"primaryImageOfPage":{"@id":"https:\/\/lumimajas.lv\/ru\/\u043a\u0432\u0430\u0440\u0442\u0438\u0440\u0430\/stirnu-40b-43\/#primaryimage"},"image":{"@id":"https:\/\/lumimajas.lv\/ru\/\u043a\u0432\u0430\u0440\u0442\u0438\u0440\u0430\/stirnu-40b-43\/#primaryimage"},"thumbnailUrl":"https:\/\/lumimajas.lv\/wp-content\/uploads\/sites\/2\/2025\/09\/images-sisupildid-stirnu-7-apt-7-imagecompressor-cover-photo-min.jpg","datePublished":"2025-09-10T22:23:39+00:00","dateModified":"2026-04-01T08:49:13+00:00","breadcrumb":{"@id":"https:\/\/lumimajas.lv\/ru\/\u043a\u0432\u0430\u0440\u0442\u0438\u0440\u0430\/stirnu-40b-43\/#breadcrumb"},"inLanguage":"ru-RU","potentialAction":[{"@type":"ReadAction","target":["https:\/\/lumimajas.lv\/ru\/\u043a\u0432\u0430\u0440\u0442\u0438\u0440\u0430\/stirnu-40b-43\/"]}]},{"@type":"ImageObject","inLanguage":"ru-RU","@id":"https:\/\/lumimajas.lv\/ru\/\u043a\u0432\u0430\u0440\u0442\u0438\u0440\u0430\/stirnu-40b-43\/#primaryimage","url":"https:\/\/lumimajas.lv\/wp-content\/uploads\/sites\/2\/2025\/09\/images-sisupildid-stirnu-7-apt-7-imagecompressor-cover-photo-min.jpg","contentUrl":"https:\/\/lumimajas.lv\/wp-content\/uploads\/sites\/2\/2025\/09\/images-sisupildid-stirnu-7-apt-7-imagecompressor-cover-photo-min.jpg","width":1920,"height":1257},{"@type":"BreadcrumbList","@id":"https:\/\/lumimajas.lv\/ru\/\u043a\u0432\u0430\u0440\u0442\u0438\u0440\u0430\/stirnu-40b-43\/#breadcrumb","itemListElement":[{"@type":"ListItem","position":1,"name":"Lumi Majas","item":"https:\/\/lumimajas.lv\/ru\/"},{"@type":"ListItem","position":2,"name":"Properties","item":"https:\/\/lumimajas.lv\/ru\/shop\/"},{"@type":"ListItem","position":3,"name":"Purvciems","item":"https:\/\/lumimajas.lv\/ru\/\u043a\u0432\u0430\u0440\u0442\u0438\u0440\u044b\/%d0%bf%d1%83%d1%80%d0%b2%d1%86%d0%b8%d0%b5%d0%bc%d1%81\/"},{"@type":"ListItem","position":4,"name":"Stirnu 40B-43"}]},{"@type":"WebSite","@id":"https:\/\/lumimajas.lv\/ru\/#website","url":"https:\/\/lumimajas.lv\/ru\/","name":"Lumi Majas","description":"Lumi M\u0101jas \u012bres dz\u012bvok\u013ci","publisher":{"@id":"https:\/\/lumimajas.lv\/ru\/#organization"},"potentialAction":[{"@type":"SearchAction","target":{"@type":"EntryPoint","urlTemplate":"https:\/\/lumimajas.lv\/ru\/?s={search_term_string}"},"query-input":{"@type":"PropertyValueSpecification","valueRequired":true,"valueName":"search_term_string"}}],"inLanguage":"ru-RU"},{"@type":"Organization","@id":"https:\/\/lumimajas.lv\/ru\/#organization","name":"Lumi Majas","url":"https:\/\/lumimajas.lv\/ru\/","logo":{"@type":"ImageObject","inLanguage":"ru-RU","@id":"https:\/\/lumimajas.lv\/ru\/#\/schema\/logo\/image\/","url":"https:\/\/lumimajas.lv\/wp-content\/uploads\/sites\/2\/2025\/08\/logo-header.svg","contentUrl":"https:\/\/lumimajas.lv\/wp-content\/uploads\/sites\/2\/2025\/08\/logo-header.svg","width":1,"height":1,"caption":"Lumi Majas"},"image":{"@id":"https:\/\/lumimajas.lv\/ru\/#\/schema\/logo\/image\/"},"sameAs":["https:\/\/www.facebook.com\/LumiKodud\/","https:\/\/www.instagram.com\/lumikodud\/","https:\/\/www.linkedin.com\/company\/lumi-capital"]}]}},"_links":{"self":[{"href":"https:\/\/lumimajas.lv\/ru\/wp-json\/wp\/v2\/product\/9607","targetHints":{"allow":["GET"]}}],"collection":[{"href":"https:\/\/lumimajas.lv\/ru\/wp-json\/wp\/v2\/product"}],"about":[{"href":"https:\/\/lumimajas.lv\/ru\/wp-json\/wp\/v2\/types\/product"}],"wp:featuredmedia":[{"embeddable":true,"href":"https:\/\/lumimajas.lv\/ru\/wp-json\/wp\/v2\/media\/7477"}],"wp:attachment":[{"href":"https:\/\/lumimajas.lv\/ru\/wp-json\/wp\/v2\/media?parent=9607"}],"wp:term":[{"taxonomy":"product_cat","embeddable":true,"href":"https:\/\/lumimajas.lv\/ru\/wp-json\/wp\/v2\/product_cat?post=9607"},{"taxonomy":"product_tag","embeddable":true,"href":"https:\/\/lumimajas.lv\/ru\/wp-json\/wp\/v2\/product_tag?post=9607"},{"taxonomy":"location","embeddable":true,"href":"https:\/\/lumimajas.lv\/ru\/wp-json\/wp\/v2\/location?post=9607"}],"curies":[{"name":"wp","href":"https:\/\/api.w.org\/{rel}","templated":true}]}}