{"id":10121,"date":"2025-09-11T00:45:59","date_gmt":"2025-09-10T21:45:59","guid":{"rendered":"https:\/\/lumilv.indiead.ee\/produkts\/terbatas-72-36n-karm\/"},"modified":"2025-09-11T00:45:59","modified_gmt":"2025-09-10T21:45:59","slug":"terbatas-72-36n-karm","status":"publish","type":"product","link":"https:\/\/lumimajas.lv\/ru\/\u043a\u0432\u0430\u0440\u0442\u0438\u0440\u0430\/terbatas-72-36n-karm\/","title":{"rendered":"T\u0113rbatas 72-36N &#8212; Karm"},"content":{"rendered":"<p>j  <\/p>\n","protected":false},"excerpt":{"rendered":"<p>j<\/p>\n","protected":false},"featured_media":9144,"template":"","meta":{"_acf_changed":false},"product_cat":[73],"product_tag":[],"location":[66],"class_list":{"0":"post-10121","1":"product","2":"type-product","3":"status-publish","4":"has-post-thumbnail","6":"product_cat-k-","7":"location-66","9":"first","10":"instock","11":"shipping-taxable","12":"purchasable","13":"product-type-simple"},"acf":[],"yoast_head":"<!-- This site is optimized with the Yoast SEO plugin v25.3 - https:\/\/yoast.com\/wordpress\/plugins\/seo\/ -->\n<title>T\u0113rbatas 72-36N - Karm - Lumi Majas<\/title>\n<meta name=\"robots\" content=\"index, follow, max-snippet:-1, max-image-preview:large, max-video-preview:-1\" \/>\n<link rel=\"canonical\" href=\"https:\/\/lumimajas.lv\/ru\/\u043a\u0432\u0430\u0440\u0442\u0438\u0440\u0430\/terbatas-72-36n-karm\/\" \/>\n<meta property=\"og:locale\" content=\"ru_RU\" \/>\n<meta property=\"og:type\" content=\"article\" \/>\n<meta property=\"og:title\" content=\"T\u0113rbatas 72-36N - Karm - Lumi Majas\" \/>\n<meta property=\"og:description\" content=\"j\" \/>\n<meta property=\"og:url\" content=\"https:\/\/lumimajas.lv\/ru\/\u043a\u0432\u0430\u0440\u0442\u0438\u0440\u0430\/terbatas-72-36n-karm\/\" \/>\n<meta property=\"og:site_name\" content=\"Lumi Majas\" \/>\n<meta property=\"article:publisher\" content=\"https:\/\/www.facebook.com\/LumiKodud\/\" \/>\n<meta property=\"og:image\" content=\"https:\/\/lumimajas.lv\/wp-content\/uploads\/sites\/2\/2025\/09\/3-21-600x600-1.jpg\" \/>\n\t<meta property=\"og:image:width\" content=\"600\" \/>\n\t<meta property=\"og:image:height\" content=\"600\" \/>\n\t<meta property=\"og:image:type\" content=\"image\/jpeg\" \/>\n<meta name=\"twitter:card\" content=\"summary_large_image\" \/>\n<script type=\"application\/ld+json\" class=\"yoast-schema-graph\">{\"@context\":\"https:\/\/schema.org\",\"@graph\":[{\"@type\":\"WebPage\",\"@id\":\"https:\/\/lumimajas.lv\/ru\/\u043a\u0432\u0430\u0440\u0442\u0438\u0440\u0430\/terbatas-72-36n-karm\/\",\"url\":\"https:\/\/lumimajas.lv\/ru\/\u043a\u0432\u0430\u0440\u0442\u0438\u0440\u0430\/terbatas-72-36n-karm\/\",\"name\":\"T\u0113rbatas 72-36N - Karm - Lumi Majas\",\"isPartOf\":{\"@id\":\"https:\/\/lumimajas.lv\/ru\/#website\"},\"primaryImageOfPage\":{\"@id\":\"https:\/\/lumimajas.lv\/ru\/\u043a\u0432\u0430\u0440\u0442\u0438\u0440\u0430\/terbatas-72-36n-karm\/#primaryimage\"},\"image\":{\"@id\":\"https:\/\/lumimajas.lv\/ru\/\u043a\u0432\u0430\u0440\u0442\u0438\u0440\u0430\/terbatas-72-36n-karm\/#primaryimage\"},\"thumbnailUrl\":\"https:\/\/lumimajas.lv\/wp-content\/uploads\/sites\/2\/2025\/09\/3-21-600x600-1.jpg\",\"datePublished\":\"2025-09-10T21:45:59+00:00\",\"breadcrumb\":{\"@id\":\"https:\/\/lumimajas.lv\/ru\/\u043a\u0432\u0430\u0440\u0442\u0438\u0440\u0430\/terbatas-72-36n-karm\/#breadcrumb\"},\"inLanguage\":\"ru-RU\",\"potentialAction\":[{\"@type\":\"ReadAction\",\"target\":[\"https:\/\/lumimajas.lv\/ru\/\u043a\u0432\u0430\u0440\u0442\u0438\u0440\u0430\/terbatas-72-36n-karm\/\"]}]},{\"@type\":\"ImageObject\",\"inLanguage\":\"ru-RU\",\"@id\":\"https:\/\/lumimajas.lv\/ru\/\u043a\u0432\u0430\u0440\u0442\u0438\u0440\u0430\/terbatas-72-36n-karm\/#primaryimage\",\"url\":\"https:\/\/lumimajas.lv\/wp-content\/uploads\/sites\/2\/2025\/09\/3-21-600x600-1.jpg\",\"contentUrl\":\"https:\/\/lumimajas.lv\/wp-content\/uploads\/sites\/2\/2025\/09\/3-21-600x600-1.jpg\",\"width\":600,\"height\":600,\"caption\":\"xr:d:DAFlCQN4XWs:251,j:2914237725113834601,t:23111013\"},{\"@type\":\"BreadcrumbList\",\"@id\":\"https:\/\/lumimajas.lv\/ru\/\u043a\u0432\u0430\u0440\u0442\u0438\u0440\u0430\/terbatas-72-36n-karm\/#breadcrumb\",\"itemListElement\":[{\"@type\":\"ListItem\",\"position\":1,\"name\":\"Lumi Majas\",\"item\":\"https:\/\/lumimajas.lv\/ru\/\"},{\"@type\":\"ListItem\",\"position\":2,\"name\":\"Properties\",\"item\":\"https:\/\/lumimajas.lv\/ru\/shop\/\"},{\"@type\":\"ListItem\",\"position\":3,\"name\":\"Pils\u0113tas centrs\",\"item\":\"https:\/\/lumimajas.lv\/ru\/\u043a\u0432\u0430\u0440\u0442\u0438\u0440\u044b\/%d1%86%d0%b5%d0%bd%d1%82%d1%80-%d0%b3%d0%be%d1%80%d0%be%d0%b4%d0%b0\/\"},{\"@type\":\"ListItem\",\"position\":4,\"name\":\"T\u0113rbatas 72-36N &#8211; Karm\"}]},{\"@type\":\"WebSite\",\"@id\":\"https:\/\/lumimajas.lv\/ru\/#website\",\"url\":\"https:\/\/lumimajas.lv\/ru\/\",\"name\":\"Lumi Majas\",\"description\":\"Lumi M\u0101jas \u012bres dz\u012bvok\u013ci\",\"publisher\":{\"@id\":\"https:\/\/lumimajas.lv\/ru\/#organization\"},\"potentialAction\":[{\"@type\":\"SearchAction\",\"target\":{\"@type\":\"EntryPoint\",\"urlTemplate\":\"https:\/\/lumimajas.lv\/ru\/?s={search_term_string}\"},\"query-input\":{\"@type\":\"PropertyValueSpecification\",\"valueRequired\":true,\"valueName\":\"search_term_string\"}}],\"inLanguage\":\"ru-RU\"},{\"@type\":\"Organization\",\"@id\":\"https:\/\/lumimajas.lv\/ru\/#organization\",\"name\":\"Lumi Majas\",\"url\":\"https:\/\/lumimajas.lv\/ru\/\",\"logo\":{\"@type\":\"ImageObject\",\"inLanguage\":\"ru-RU\",\"@id\":\"https:\/\/lumimajas.lv\/ru\/#\/schema\/logo\/image\/\",\"url\":\"https:\/\/lumimajas.lv\/wp-content\/uploads\/sites\/2\/2025\/08\/logo-header.svg\",\"contentUrl\":\"https:\/\/lumimajas.lv\/wp-content\/uploads\/sites\/2\/2025\/08\/logo-header.svg\",\"width\":1,\"height\":1,\"caption\":\"Lumi Majas\"},\"image\":{\"@id\":\"https:\/\/lumimajas.lv\/ru\/#\/schema\/logo\/image\/\"},\"sameAs\":[\"https:\/\/www.facebook.com\/LumiKodud\/\",\"https:\/\/www.instagram.com\/lumikodud\/\",\"https:\/\/www.linkedin.com\/company\/lumi-capital\"]}]}<\/script>\n<!-- \/ Yoast SEO plugin. -->","yoast_head_json":{"title":"T\u0113rbatas 72-36N - Karm - Lumi Majas","robots":{"index":"index","follow":"follow","max-snippet":"max-snippet:-1","max-image-preview":"max-image-preview:large","max-video-preview":"max-video-preview:-1"},"canonical":"https:\/\/lumimajas.lv\/ru\/\u043a\u0432\u0430\u0440\u0442\u0438\u0440\u0430\/terbatas-72-36n-karm\/","og_locale":"ru_RU","og_type":"article","og_title":"T\u0113rbatas 72-36N - Karm - Lumi Majas","og_description":"j","og_url":"https:\/\/lumimajas.lv\/ru\/\u043a\u0432\u0430\u0440\u0442\u0438\u0440\u0430\/terbatas-72-36n-karm\/","og_site_name":"Lumi Majas","article_publisher":"https:\/\/www.facebook.com\/LumiKodud\/","og_image":[{"width":600,"height":600,"url":"https:\/\/lumimajas.lv\/wp-content\/uploads\/sites\/2\/2025\/09\/3-21-600x600-1.jpg","type":"image\/jpeg"}],"twitter_card":"summary_large_image","schema":{"@context":"https:\/\/schema.org","@graph":[{"@type":"WebPage","@id":"https:\/\/lumimajas.lv\/ru\/\u043a\u0432\u0430\u0440\u0442\u0438\u0440\u0430\/terbatas-72-36n-karm\/","url":"https:\/\/lumimajas.lv\/ru\/\u043a\u0432\u0430\u0440\u0442\u0438\u0440\u0430\/terbatas-72-36n-karm\/","name":"T\u0113rbatas 72-36N - Karm - Lumi Majas","isPartOf":{"@id":"https:\/\/lumimajas.lv\/ru\/#website"},"primaryImageOfPage":{"@id":"https:\/\/lumimajas.lv\/ru\/\u043a\u0432\u0430\u0440\u0442\u0438\u0440\u0430\/terbatas-72-36n-karm\/#primaryimage"},"image":{"@id":"https:\/\/lumimajas.lv\/ru\/\u043a\u0432\u0430\u0440\u0442\u0438\u0440\u0430\/terbatas-72-36n-karm\/#primaryimage"},"thumbnailUrl":"https:\/\/lumimajas.lv\/wp-content\/uploads\/sites\/2\/2025\/09\/3-21-600x600-1.jpg","datePublished":"2025-09-10T21:45:59+00:00","breadcrumb":{"@id":"https:\/\/lumimajas.lv\/ru\/\u043a\u0432\u0430\u0440\u0442\u0438\u0440\u0430\/terbatas-72-36n-karm\/#breadcrumb"},"inLanguage":"ru-RU","potentialAction":[{"@type":"ReadAction","target":["https:\/\/lumimajas.lv\/ru\/\u043a\u0432\u0430\u0440\u0442\u0438\u0440\u0430\/terbatas-72-36n-karm\/"]}]},{"@type":"ImageObject","inLanguage":"ru-RU","@id":"https:\/\/lumimajas.lv\/ru\/\u043a\u0432\u0430\u0440\u0442\u0438\u0440\u0430\/terbatas-72-36n-karm\/#primaryimage","url":"https:\/\/lumimajas.lv\/wp-content\/uploads\/sites\/2\/2025\/09\/3-21-600x600-1.jpg","contentUrl":"https:\/\/lumimajas.lv\/wp-content\/uploads\/sites\/2\/2025\/09\/3-21-600x600-1.jpg","width":600,"height":600,"caption":"xr:d:DAFlCQN4XWs:251,j:2914237725113834601,t:23111013"},{"@type":"BreadcrumbList","@id":"https:\/\/lumimajas.lv\/ru\/\u043a\u0432\u0430\u0440\u0442\u0438\u0440\u0430\/terbatas-72-36n-karm\/#breadcrumb","itemListElement":[{"@type":"ListItem","position":1,"name":"Lumi Majas","item":"https:\/\/lumimajas.lv\/ru\/"},{"@type":"ListItem","position":2,"name":"Properties","item":"https:\/\/lumimajas.lv\/ru\/shop\/"},{"@type":"ListItem","position":3,"name":"Pils\u0113tas centrs","item":"https:\/\/lumimajas.lv\/ru\/\u043a\u0432\u0430\u0440\u0442\u0438\u0440\u044b\/%d1%86%d0%b5%d0%bd%d1%82%d1%80-%d0%b3%d0%be%d1%80%d0%be%d0%b4%d0%b0\/"},{"@type":"ListItem","position":4,"name":"T\u0113rbatas 72-36N &#8211; Karm"}]},{"@type":"WebSite","@id":"https:\/\/lumimajas.lv\/ru\/#website","url":"https:\/\/lumimajas.lv\/ru\/","name":"Lumi Majas","description":"Lumi M\u0101jas \u012bres dz\u012bvok\u013ci","publisher":{"@id":"https:\/\/lumimajas.lv\/ru\/#organization"},"potentialAction":[{"@type":"SearchAction","target":{"@type":"EntryPoint","urlTemplate":"https:\/\/lumimajas.lv\/ru\/?s={search_term_string}"},"query-input":{"@type":"PropertyValueSpecification","valueRequired":true,"valueName":"search_term_string"}}],"inLanguage":"ru-RU"},{"@type":"Organization","@id":"https:\/\/lumimajas.lv\/ru\/#organization","name":"Lumi Majas","url":"https:\/\/lumimajas.lv\/ru\/","logo":{"@type":"ImageObject","inLanguage":"ru-RU","@id":"https:\/\/lumimajas.lv\/ru\/#\/schema\/logo\/image\/","url":"https:\/\/lumimajas.lv\/wp-content\/uploads\/sites\/2\/2025\/08\/logo-header.svg","contentUrl":"https:\/\/lumimajas.lv\/wp-content\/uploads\/sites\/2\/2025\/08\/logo-header.svg","width":1,"height":1,"caption":"Lumi Majas"},"image":{"@id":"https:\/\/lumimajas.lv\/ru\/#\/schema\/logo\/image\/"},"sameAs":["https:\/\/www.facebook.com\/LumiKodud\/","https:\/\/www.instagram.com\/lumikodud\/","https:\/\/www.linkedin.com\/company\/lumi-capital"]}]}},"_links":{"self":[{"href":"https:\/\/lumimajas.lv\/ru\/wp-json\/wp\/v2\/product\/10121","targetHints":{"allow":["GET"]}}],"collection":[{"href":"https:\/\/lumimajas.lv\/ru\/wp-json\/wp\/v2\/product"}],"about":[{"href":"https:\/\/lumimajas.lv\/ru\/wp-json\/wp\/v2\/types\/product"}],"wp:featuredmedia":[{"embeddable":true,"href":"https:\/\/lumimajas.lv\/ru\/wp-json\/wp\/v2\/media\/9144"}],"wp:attachment":[{"href":"https:\/\/lumimajas.lv\/ru\/wp-json\/wp\/v2\/media?parent=10121"}],"wp:term":[{"taxonomy":"product_cat","embeddable":true,"href":"https:\/\/lumimajas.lv\/ru\/wp-json\/wp\/v2\/product_cat?post=10121"},{"taxonomy":"product_tag","embeddable":true,"href":"https:\/\/lumimajas.lv\/ru\/wp-json\/wp\/v2\/product_tag?post=10121"},{"taxonomy":"location","embeddable":true,"href":"https:\/\/lumimajas.lv\/ru\/wp-json\/wp\/v2\/location?post=10121"}],"curies":[{"name":"wp","href":"https:\/\/api.w.org\/{rel}","templated":true}]}}