{"id":9240,"date":"2025-06-26T10:31:28","date_gmt":"2025-06-26T07:31:28","guid":{"rendered":"https:\/\/lumilv.indiead.ee\/business-premises\/"},"modified":"2025-10-24T12:58:18","modified_gmt":"2025-10-24T09:58:18","slug":"business-premises","status":"publish","type":"page","link":"https:\/\/lumimajas.lv\/en\/business-premises\/","title":{"rendered":"Business premises"},"content":{"rendered":"<section class=\"-mx-4 md:-mx-16 px-4 md:px-16 pb-8 md:pb-24 commercial-filter-bg\">\n            <h1 class=\"th-content-max-width text-th-dark-1 font-heading-3-5 md:font-heading-2 font-semibold pt-4 md:pt-10\">Business premises in Riga<\/h1>\n              <h1 class=\"th-content-max-width text-th-dark-1 font-body-2 mb-10 pt-4 md:pt-10\">The Terbatas residential project includes a thoughtfully curated selection of commercial premises, located both along the lively street front and more privately in the inner yard. All spaces are currently rented out and host a mix of businesses such as a cozy caf\u00e9, a beauty salon, a baby health and development center, and a store that sells lighting and household electronics. Together, they bring everyday convenience and a welcoming atmosphere to both residents and the surrounding neighborhood.  <\/h1>\n        <div class=\"th-content-max-width w-full mt-10 mb-10\">\n          <\/div>\n    <div class=\"js-property-card-container th-content-max-width flex flex-col gap-10\">\n      <p class=\"col-span-full\">No commercial spaces found.<\/p>\n  <\/div>\n<\/section>\n\n\n  <section class=\"-mx-4 md:-mx-16 md:px-16 px-4 py-[50px] md:py-24 bg-gray-gradient\">\n          <h1 class=\"th-content-max-width text-th-dark-1 font-heading-3-5 md:font-heading-2 font-semibold pb-10\">Occupied business premises<\/h1>\n              <div class=\"th-content-max-width flex flex-col gap-10\">\n                <div class=\"border border-th-card-stroke bg-th-white-1 p-6 relative\">\n  <div href=\"https:\/\/lumimajas.lv\/en\/apartment\/terbatas-72-70n-lilo\/\" class=\"flex flex-col lg:flex-row\">\n          <div class=\"relative lg:min-w-[420px] -m-6 lg:m-0\">\n                <img decoding=\"async\"\n          src=\"https:\/\/lumimajas.lv\/wp-content\/uploads\/sites\/2\/2025\/09\/2025-07-05-21.11.20_2-1-420x420.jpg\"\n          srcset=\"\n              https:\/\/lumimajas.lv\/wp-content\/uploads\/sites\/2\/2025\/09\/2025-07-05-21.11.20_2-1-420x420.jpg 1x,\n              https:\/\/lumimajas.lv\/wp-content\/uploads\/sites\/2\/2025\/09\/2025-07-05-21.11.20_2-1-840x840.jpg 2x\n            \"\n          width=\"420\"\n          height=\"420\"\n          class=\"w-[420px] h-[420px] object-cover\"\n          alt=\"T\u0113rbatas 72-70N &#8211; Lilo\"\n          loading=\"lazy\" \/>\n      <\/div>\n        <div class=\"lg:px-6 flex flex-col flex-shrink mt-14 lg:mt-0 flex-grow\">\n              <h2 class=\"font-heading-4 lg:font-heading-3 mt-1\">Lilo Kids<\/h2>\n                    <p class=\"font-body-2 text-th-green-1 mb-2\">City Center<\/p>\n                    <p class=\"font-body-2 text-th-dark-1 block mb-6 mt-4\">Lilo Kids is a cozy and colorful center dedicated to baby health and early development. From massage and physiotherapy to sensory play and baby swimming, their professional team supports every little milestone with care and joy.  <\/p>\n                    <div class=\"flex flex-row gap-2 mt-2\">\n          <a class=\"th-button\" href=\"https:\/\/lilokids.lv\/\" target=\"_self\"><span class=\"link-span\">Business homepage<\/span><\/a>\n        <\/div>\n          <\/div>\n  <\/div>\n<\/div>\n                <div class=\"border border-th-card-stroke bg-th-white-1 p-6 relative\">\n  <div href=\"https:\/\/lumimajas.lv\/en\/apartment\/terbatas-72-36n-karm\/\" class=\"flex flex-col lg:flex-row\">\n          <div class=\"relative lg:min-w-[420px] -m-6 lg:m-0\">\n                <img decoding=\"async\"\n          src=\"https:\/\/lumimajas.lv\/wp-content\/uploads\/sites\/2\/2025\/09\/3-21-600x600-1-420x420.jpg\"\n          srcset=\"\n              https:\/\/lumimajas.lv\/wp-content\/uploads\/sites\/2\/2025\/09\/3-21-600x600-1-420x420.jpg 1x,\n              https:\/\/lumimajas.lv\/wp-content\/uploads\/sites\/2\/2025\/09\/3-21-600x600-1.jpg 2x\n            \"\n          width=\"420\"\n          height=\"420\"\n          class=\"w-[420px] h-[420px] object-cover\"\n          alt=\"T\u0113rbatas 72-36N &#8211; Karm\"\n          loading=\"lazy\" \/>\n      <\/div>\n        <div class=\"lg:px-6 flex flex-col flex-shrink mt-14 lg:mt-0 flex-grow\">\n              <h2 class=\"font-heading-4 lg:font-heading-3 mt-1\">Karm<\/h2>\n                    <p class=\"font-body-2 text-th-green-1 mb-2\">City Center<\/p>\n                    <p class=\"font-body-2 text-th-dark-1 block mb-6 mt-4\">KARM brings light and smart living to everyday spaces. Specializing in lighting solutions, home electronics, and modern appliances, the store offers both functionality and design in one place. Whether you&#8217;re upgrading your kitchen or brightening your home, KARM helps you make smart, stylish choices.  <\/p>\n                    <div class=\"flex flex-row gap-2 mt-2\">\n          <a class=\"th-button\" href=\"https:\/\/karm.lv\/.\" target=\"_self\"><span class=\"link-span\">Business homepage<\/span><\/a>\n        <\/div>\n          <\/div>\n  <\/div>\n<\/div>\n                <div class=\"border border-th-card-stroke bg-th-white-1 p-6 relative\">\n  <div href=\"https:\/\/lumimajas.lv\/en\/apartment\/terbatas-72-37n-eden\/\" class=\"flex flex-col lg:flex-row\">\n          <div class=\"relative lg:min-w-[420px] -m-6 lg:m-0\">\n                <img decoding=\"async\"\n          src=\"https:\/\/lumimajas.lv\/wp-content\/uploads\/sites\/2\/2025\/09\/image0-1-420x420.jpeg\"\n          srcset=\"\n              https:\/\/lumimajas.lv\/wp-content\/uploads\/sites\/2\/2025\/09\/image0-1-420x420.jpeg 1x,\n              https:\/\/lumimajas.lv\/wp-content\/uploads\/sites\/2\/2025\/09\/image0-1-840x840.jpeg 2x\n            \"\n          width=\"420\"\n          height=\"420\"\n          class=\"w-[420px] h-[420px] object-cover\"\n          alt=\"T\u0113rbatas 72-37N &#8211; Eden\"\n          loading=\"lazy\" \/>\n      <\/div>\n        <div class=\"lg:px-6 flex flex-col flex-shrink mt-14 lg:mt-0 flex-grow\">\n              <h2 class=\"font-heading-4 lg:font-heading-3 mt-1\">ANT Beauty<\/h2>\n                    <p class=\"font-body-2 text-th-green-1 mb-2\">City Center<\/p>\n                    <p class=\"font-body-2 text-th-dark-1 block mb-6 mt-4\">EDEN by ANT is a place where your well-being comes first \u2013 from hair care to individually tailored aesthetic skin treatments. This cozy and elegant salon offers high-quality services including facial care, laser hair removal, hair treatments, and Endosph\u00e8res therapy \u2013 all designed to enhance your natural beauty and promote lasting results. \n\nStep into a moment of peace and harmony \u2013 and enjoy a carefully curated experience that leaves you feeling refreshed, confident, and truly pampered.\n<\/p>\n                    <div class=\"flex flex-row gap-2 mt-2\">\n          <a class=\"th-button\" href=\"https:\/\/antbeauty.lv\/\" target=\"_self\"><span class=\"link-span\">Business homepage<\/span><\/a>\n        <\/div>\n          <\/div>\n  <\/div>\n<\/div>\n                <div class=\"border border-th-card-stroke bg-th-white-1 p-6 relative\">\n  <div href=\"https:\/\/lumimajas.lv\/en\/apartment\/terbatas-72-69n-coffee-society\/\" class=\"flex flex-col lg:flex-row\">\n          <div class=\"relative lg:min-w-[420px] -m-6 lg:m-0\">\n                <img decoding=\"async\"\n          src=\"https:\/\/lumimajas.lv\/wp-content\/uploads\/sites\/2\/2025\/09\/thumbnail_Tezza_2024_11_29_133856197-1-1-420x420.jpg\"\n          srcset=\"\n              https:\/\/lumimajas.lv\/wp-content\/uploads\/sites\/2\/2025\/09\/thumbnail_Tezza_2024_11_29_133856197-1-1-420x420.jpg 1x,\n              https:\/\/lumimajas.lv\/wp-content\/uploads\/sites\/2\/2025\/09\/thumbnail_Tezza_2024_11_29_133856197-1-1-840x840.jpg 2x\n            \"\n          width=\"420\"\n          height=\"420\"\n          class=\"w-[420px] h-[420px] object-cover\"\n          alt=\"T\u0113rbatas 72-69N &#8211; Coffee Society\"\n          loading=\"lazy\" \/>\n      <\/div>\n        <div class=\"lg:px-6 flex flex-col flex-shrink mt-14 lg:mt-0 flex-grow\">\n              <h2 class=\"font-heading-4 lg:font-heading-3 mt-1\">Coffee Society<\/h2>\n                    <p class=\"font-body-2 text-th-green-1 mb-2\">City Center<\/p>\n                    <p class=\"font-body-2 text-th-dark-1 block mb-6 mt-4\">Coffee Society is a cozy coffee shop known for its delicious and balanced speciality coffees and unique house-made drinks. It\u2019s a welcoming space for both focused work and relaxing breaks. Step in, slow down, and discover the world of coffee together with them  <\/p>\n                    <div class=\"flex flex-row gap-2 mt-2\">\n          <a class=\"th-button\" href=\"https:\/\/www.facebook.com\/000dani\/?_rdr.\" target=\"_self\"><span class=\"link-span\">Business homepage<\/span><\/a>\n        <\/div>\n          <\/div>\n  <\/div>\n<\/div>\n              <\/div>\n          <\/section>\n      <script>\n      window.maps_locations = [{\"title\":\"Terbatas 72\",\"location\":\"56.95819340479502, 24.13283466807153\"},{\"title\":\"Terbatas 72\",\"location\":\"56.95819340479502, 24.13283466807153\"},{\"title\":\"Terbatas 72\",\"location\":\"56.95819340479502, 24.13283466807153\"},{\"title\":\"Terbatas 72\",\"location\":\"56.95819340479502, 24.13283466807153\"}]    <\/script>\n  \n\n\n<p><\/p>\n","protected":false},"excerpt":{"rendered":"","protected":false},"author":1,"featured_media":0,"parent":0,"menu_order":0,"comment_status":"closed","ping_status":"closed","template":"notitle-template.php","meta":{"_acf_changed":false,"footnotes":""},"class_list":["post-9240","page","type-page","status-publish","hentry"],"acf":[],"yoast_head":"<!-- This site is optimized with the Yoast SEO plugin v25.3 - https:\/\/yoast.com\/wordpress\/plugins\/seo\/ -->\n<title>Business premises - Lumi Majas<\/title>\n<meta name=\"description\" content=\"Iznom\u0101jiet komercplat\u012bbas m\u016bsu modernajos \u0113ku kompleksos, kuros ir viss nepiecie\u0161amais biznesam. Sazinieties ar mums un n\u0101ciet p\u0101rliecin\u0101ties pa\u0161i.\" \/>\n<meta name=\"robots\" content=\"index, follow, max-snippet:-1, max-image-preview:large, max-video-preview:-1\" \/>\n<link rel=\"canonical\" href=\"https:\/\/lumimajas.lv\/en\/business-premises\/\" \/>\n<meta property=\"og:locale\" content=\"en_US\" \/>\n<meta property=\"og:type\" content=\"article\" \/>\n<meta property=\"og:title\" content=\"Business premises - Lumi Majas\" \/>\n<meta property=\"og:description\" content=\"Iznom\u0101jiet komercplat\u012bbas m\u016bsu modernajos \u0113ku kompleksos, kuros ir viss nepiecie\u0161amais biznesam. Sazinieties ar mums un n\u0101ciet p\u0101rliecin\u0101ties pa\u0161i.\" \/>\n<meta property=\"og:url\" content=\"https:\/\/lumimajas.lv\/en\/business-premises\/\" \/>\n<meta property=\"og:site_name\" content=\"Lumi Majas\" \/>\n<meta property=\"article:publisher\" content=\"https:\/\/www.facebook.com\/LumiKodud\/\" \/>\n<meta property=\"article:modified_time\" content=\"2025-10-24T09:58:18+00:00\" \/>\n<meta property=\"og:image\" content=\"https:\/\/lumimajas.lv\/wp-content\/uploads\/sites\/2\/2025\/11\/LumiMajasSEOImage.png\" \/>\n\t<meta property=\"og:image:width\" content=\"1200\" \/>\n\t<meta property=\"og:image:height\" content=\"675\" \/>\n\t<meta property=\"og:image:type\" content=\"image\/png\" \/>\n<meta name=\"twitter:card\" content=\"summary_large_image\" \/>\n<script type=\"application\/ld+json\" class=\"yoast-schema-graph\">{\"@context\":\"https:\/\/schema.org\",\"@graph\":[{\"@type\":\"WebPage\",\"@id\":\"https:\/\/lumimajas.lv\/en\/business-premises\/\",\"url\":\"https:\/\/lumimajas.lv\/en\/business-premises\/\",\"name\":\"Business premises - Lumi Majas\",\"isPartOf\":{\"@id\":\"https:\/\/lumimajas.lv\/en\/#website\"},\"datePublished\":\"2025-06-26T07:31:28+00:00\",\"dateModified\":\"2025-10-24T09:58:18+00:00\",\"description\":\"Iznom\u0101jiet komercplat\u012bbas m\u016bsu modernajos \u0113ku kompleksos, kuros ir viss nepiecie\u0161amais biznesam. Sazinieties ar mums un n\u0101ciet p\u0101rliecin\u0101ties pa\u0161i.\",\"breadcrumb\":{\"@id\":\"https:\/\/lumimajas.lv\/en\/business-premises\/#breadcrumb\"},\"inLanguage\":\"en-US\",\"potentialAction\":[{\"@type\":\"ReadAction\",\"target\":[\"https:\/\/lumimajas.lv\/en\/business-premises\/\"]}]},{\"@type\":\"BreadcrumbList\",\"@id\":\"https:\/\/lumimajas.lv\/en\/business-premises\/#breadcrumb\",\"itemListElement\":[{\"@type\":\"ListItem\",\"position\":1,\"name\":\"Lumi Majas\",\"item\":\"https:\/\/lumimajas.lv\/en\/\"},{\"@type\":\"ListItem\",\"position\":2,\"name\":\"Business premises\"}]},{\"@type\":\"WebSite\",\"@id\":\"https:\/\/lumimajas.lv\/en\/#website\",\"url\":\"https:\/\/lumimajas.lv\/en\/\",\"name\":\"Lumi Majas\",\"description\":\"Jauni \u012bres dz\u012bvok\u013ci\",\"publisher\":{\"@id\":\"https:\/\/lumimajas.lv\/en\/#organization\"},\"potentialAction\":[{\"@type\":\"SearchAction\",\"target\":{\"@type\":\"EntryPoint\",\"urlTemplate\":\"https:\/\/lumimajas.lv\/en\/?s={search_term_string}\"},\"query-input\":{\"@type\":\"PropertyValueSpecification\",\"valueRequired\":true,\"valueName\":\"search_term_string\"}}],\"inLanguage\":\"en-US\"},{\"@type\":\"Organization\",\"@id\":\"https:\/\/lumimajas.lv\/en\/#organization\",\"name\":\"Lumi Majas\",\"url\":\"https:\/\/lumimajas.lv\/en\/\",\"logo\":{\"@type\":\"ImageObject\",\"inLanguage\":\"en-US\",\"@id\":\"https:\/\/lumimajas.lv\/en\/#\/schema\/logo\/image\/\",\"url\":\"https:\/\/lumimajas.lv\/wp-content\/uploads\/sites\/2\/2025\/08\/logo-header.svg\",\"contentUrl\":\"https:\/\/lumimajas.lv\/wp-content\/uploads\/sites\/2\/2025\/08\/logo-header.svg\",\"width\":1,\"height\":1,\"caption\":\"Lumi Majas\"},\"image\":{\"@id\":\"https:\/\/lumimajas.lv\/en\/#\/schema\/logo\/image\/\"},\"sameAs\":[\"https:\/\/www.facebook.com\/LumiKodud\/\",\"https:\/\/www.instagram.com\/lumikodud\/\",\"https:\/\/www.linkedin.com\/company\/lumi-capital\"]}]}<\/script>\n<!-- \/ Yoast SEO plugin. -->","yoast_head_json":{"title":"Business premises - Lumi Majas","description":"Iznom\u0101jiet komercplat\u012bbas m\u016bsu modernajos \u0113ku kompleksos, kuros ir viss nepiecie\u0161amais biznesam. Sazinieties ar mums un n\u0101ciet p\u0101rliecin\u0101ties pa\u0161i.","robots":{"index":"index","follow":"follow","max-snippet":"max-snippet:-1","max-image-preview":"max-image-preview:large","max-video-preview":"max-video-preview:-1"},"canonical":"https:\/\/lumimajas.lv\/en\/business-premises\/","og_locale":"en_US","og_type":"article","og_title":"Business premises - Lumi Majas","og_description":"Iznom\u0101jiet komercplat\u012bbas m\u016bsu modernajos \u0113ku kompleksos, kuros ir viss nepiecie\u0161amais biznesam. Sazinieties ar mums un n\u0101ciet p\u0101rliecin\u0101ties pa\u0161i.","og_url":"https:\/\/lumimajas.lv\/en\/business-premises\/","og_site_name":"Lumi Majas","article_publisher":"https:\/\/www.facebook.com\/LumiKodud\/","article_modified_time":"2025-10-24T09:58:18+00:00","og_image":[{"width":1200,"height":675,"url":"https:\/\/lumimajas.lv\/wp-content\/uploads\/sites\/2\/2025\/11\/LumiMajasSEOImage.png","type":"image\/png"}],"twitter_card":"summary_large_image","schema":{"@context":"https:\/\/schema.org","@graph":[{"@type":"WebPage","@id":"https:\/\/lumimajas.lv\/en\/business-premises\/","url":"https:\/\/lumimajas.lv\/en\/business-premises\/","name":"Business premises - Lumi Majas","isPartOf":{"@id":"https:\/\/lumimajas.lv\/en\/#website"},"datePublished":"2025-06-26T07:31:28+00:00","dateModified":"2025-10-24T09:58:18+00:00","description":"Iznom\u0101jiet komercplat\u012bbas m\u016bsu modernajos \u0113ku kompleksos, kuros ir viss nepiecie\u0161amais biznesam. Sazinieties ar mums un n\u0101ciet p\u0101rliecin\u0101ties pa\u0161i.","breadcrumb":{"@id":"https:\/\/lumimajas.lv\/en\/business-premises\/#breadcrumb"},"inLanguage":"en-US","potentialAction":[{"@type":"ReadAction","target":["https:\/\/lumimajas.lv\/en\/business-premises\/"]}]},{"@type":"BreadcrumbList","@id":"https:\/\/lumimajas.lv\/en\/business-premises\/#breadcrumb","itemListElement":[{"@type":"ListItem","position":1,"name":"Lumi Majas","item":"https:\/\/lumimajas.lv\/en\/"},{"@type":"ListItem","position":2,"name":"Business premises"}]},{"@type":"WebSite","@id":"https:\/\/lumimajas.lv\/en\/#website","url":"https:\/\/lumimajas.lv\/en\/","name":"Lumi Majas","description":"Jauni \u012bres dz\u012bvok\u013ci","publisher":{"@id":"https:\/\/lumimajas.lv\/en\/#organization"},"potentialAction":[{"@type":"SearchAction","target":{"@type":"EntryPoint","urlTemplate":"https:\/\/lumimajas.lv\/en\/?s={search_term_string}"},"query-input":{"@type":"PropertyValueSpecification","valueRequired":true,"valueName":"search_term_string"}}],"inLanguage":"en-US"},{"@type":"Organization","@id":"https:\/\/lumimajas.lv\/en\/#organization","name":"Lumi Majas","url":"https:\/\/lumimajas.lv\/en\/","logo":{"@type":"ImageObject","inLanguage":"en-US","@id":"https:\/\/lumimajas.lv\/en\/#\/schema\/logo\/image\/","url":"https:\/\/lumimajas.lv\/wp-content\/uploads\/sites\/2\/2025\/08\/logo-header.svg","contentUrl":"https:\/\/lumimajas.lv\/wp-content\/uploads\/sites\/2\/2025\/08\/logo-header.svg","width":1,"height":1,"caption":"Lumi Majas"},"image":{"@id":"https:\/\/lumimajas.lv\/en\/#\/schema\/logo\/image\/"},"sameAs":["https:\/\/www.facebook.com\/LumiKodud\/","https:\/\/www.instagram.com\/lumikodud\/","https:\/\/www.linkedin.com\/company\/lumi-capital"]}]}},"_links":{"self":[{"href":"https:\/\/lumimajas.lv\/en\/wp-json\/wp\/v2\/pages\/9240","targetHints":{"allow":["GET"]}}],"collection":[{"href":"https:\/\/lumimajas.lv\/en\/wp-json\/wp\/v2\/pages"}],"about":[{"href":"https:\/\/lumimajas.lv\/en\/wp-json\/wp\/v2\/types\/page"}],"author":[{"embeddable":true,"href":"https:\/\/lumimajas.lv\/en\/wp-json\/wp\/v2\/users\/1"}],"replies":[{"embeddable":true,"href":"https:\/\/lumimajas.lv\/en\/wp-json\/wp\/v2\/comments?post=9240"}],"version-history":[{"count":3,"href":"https:\/\/lumimajas.lv\/en\/wp-json\/wp\/v2\/pages\/9240\/revisions"}],"predecessor-version":[{"id":9317,"href":"https:\/\/lumimajas.lv\/en\/wp-json\/wp\/v2\/pages\/9240\/revisions\/9317"}],"wp:attachment":[{"href":"https:\/\/lumimajas.lv\/en\/wp-json\/wp\/v2\/media?parent=9240"}],"curies":[{"name":"wp","href":"https:\/\/api.w.org\/{rel}","templated":true}]}}