{"id":9238,"date":"2025-09-02T10:20:53","date_gmt":"2025-09-02T07:20:53","guid":{"rendered":"https:\/\/lumilv.indiead.ee\/join-the-waitinglist\/"},"modified":"2025-10-21T10:02:48","modified_gmt":"2025-10-21T07:02:48","slug":"join-the-waitinglist","status":"publish","type":"page","link":"https:\/\/lumimajas.lv\/en\/join-the-waitinglist\/","title":{"rendered":"Join the waitinglist!"},"content":{"rendered":"  <section>\n          <h2 class=\"th-content-max-width text-th-dark-1 font-heading-3-5 md:font-heading-2 font-semibold mb-6 pt-[50px] md:pt-24\">\n        Join the waiting list and we\u2019ll let you know as soon as a suitable home for you is available again!      <\/h2>\n    \n    <div\n      class=\"-mx-4 md:-mx-16 theme-contact-form relative overflow-hidden\n             bg-fixed bg-no-repeat bg-center\n             [background-size:3840px_2160px]\n             \"\n      style=\"background-image:url('https:\/\/lumimajas.lv\/wp-content\/uploads\/sites\/2\/2025\/08\/L96A8604.jpg');\"\n    >\n      <div class=\"relative z-10 mx-auto px-4 py-8 max-w-[580px]\">\n        <div class=\"bg-th-white-1 p-6 rounded theme-contact-form-container\">\n                  <\/div>\n      <\/div>\n    <\/div>\n  <\/section>\n","protected":false},"excerpt":{"rendered":"","protected":false},"author":1,"featured_media":0,"parent":0,"menu_order":0,"comment_status":"closed","ping_status":"closed","template":"notitle-template.php","meta":{"_acf_changed":false,"footnotes":""},"class_list":["post-9238","page","type-page","status-publish","hentry"],"acf":[],"yoast_head":"<!-- This site is optimized with the Yoast SEO plugin v25.3 - https:\/\/yoast.com\/wordpress\/plugins\/seo\/ -->\n<title>Join the waitinglist! - Lumi Majas<\/title>\n<meta name=\"robots\" content=\"index, follow, max-snippet:-1, max-image-preview:large, max-video-preview:-1\" \/>\n<link rel=\"canonical\" href=\"https:\/\/lumimajas.lv\/en\/join-the-waitinglist\/\" \/>\n<meta property=\"og:locale\" content=\"en_US\" \/>\n<meta property=\"og:type\" content=\"article\" \/>\n<meta property=\"og:title\" content=\"Join the waitinglist! - Lumi Majas\" \/>\n<meta property=\"og:url\" content=\"https:\/\/lumimajas.lv\/en\/join-the-waitinglist\/\" \/>\n<meta property=\"og:site_name\" content=\"Lumi Majas\" \/>\n<meta property=\"article:publisher\" content=\"https:\/\/www.facebook.com\/LumiKodud\/\" \/>\n<meta property=\"article:modified_time\" content=\"2025-10-21T07:02:48+00:00\" \/>\n<meta property=\"og:image\" content=\"https:\/\/lumimajas.lv\/wp-content\/uploads\/sites\/2\/2025\/11\/LumiMajasSEOImage.png\" \/>\n\t<meta property=\"og:image:width\" content=\"1200\" \/>\n\t<meta property=\"og:image:height\" content=\"675\" \/>\n\t<meta property=\"og:image:type\" content=\"image\/png\" \/>\n<meta name=\"twitter:card\" content=\"summary_large_image\" \/>\n<script type=\"application\/ld+json\" class=\"yoast-schema-graph\">{\"@context\":\"https:\/\/schema.org\",\"@graph\":[{\"@type\":\"WebPage\",\"@id\":\"https:\/\/lumimajas.lv\/en\/join-the-waitinglist\/\",\"url\":\"https:\/\/lumimajas.lv\/en\/join-the-waitinglist\/\",\"name\":\"Join the waitinglist! - Lumi Majas\",\"isPartOf\":{\"@id\":\"https:\/\/lumimajas.lv\/en\/#website\"},\"datePublished\":\"2025-09-02T07:20:53+00:00\",\"dateModified\":\"2025-10-21T07:02:48+00:00\",\"breadcrumb\":{\"@id\":\"https:\/\/lumimajas.lv\/en\/join-the-waitinglist\/#breadcrumb\"},\"inLanguage\":\"en-US\",\"potentialAction\":[{\"@type\":\"ReadAction\",\"target\":[\"https:\/\/lumimajas.lv\/en\/join-the-waitinglist\/\"]}]},{\"@type\":\"BreadcrumbList\",\"@id\":\"https:\/\/lumimajas.lv\/en\/join-the-waitinglist\/#breadcrumb\",\"itemListElement\":[{\"@type\":\"ListItem\",\"position\":1,\"name\":\"Lumi Majas\",\"item\":\"https:\/\/lumimajas.lv\/en\/\"},{\"@type\":\"ListItem\",\"position\":2,\"name\":\"Join the waitinglist!\"}]},{\"@type\":\"WebSite\",\"@id\":\"https:\/\/lumimajas.lv\/en\/#website\",\"url\":\"https:\/\/lumimajas.lv\/en\/\",\"name\":\"Lumi Majas\",\"description\":\"Jauni \u012bres dz\u012bvok\u013ci\",\"publisher\":{\"@id\":\"https:\/\/lumimajas.lv\/en\/#organization\"},\"potentialAction\":[{\"@type\":\"SearchAction\",\"target\":{\"@type\":\"EntryPoint\",\"urlTemplate\":\"https:\/\/lumimajas.lv\/en\/?s={search_term_string}\"},\"query-input\":{\"@type\":\"PropertyValueSpecification\",\"valueRequired\":true,\"valueName\":\"search_term_string\"}}],\"inLanguage\":\"en-US\"},{\"@type\":\"Organization\",\"@id\":\"https:\/\/lumimajas.lv\/en\/#organization\",\"name\":\"Lumi Majas\",\"url\":\"https:\/\/lumimajas.lv\/en\/\",\"logo\":{\"@type\":\"ImageObject\",\"inLanguage\":\"en-US\",\"@id\":\"https:\/\/lumimajas.lv\/en\/#\/schema\/logo\/image\/\",\"url\":\"https:\/\/lumimajas.lv\/wp-content\/uploads\/sites\/2\/2025\/08\/logo-header.svg\",\"contentUrl\":\"https:\/\/lumimajas.lv\/wp-content\/uploads\/sites\/2\/2025\/08\/logo-header.svg\",\"width\":1,\"height\":1,\"caption\":\"Lumi Majas\"},\"image\":{\"@id\":\"https:\/\/lumimajas.lv\/en\/#\/schema\/logo\/image\/\"},\"sameAs\":[\"https:\/\/www.facebook.com\/LumiKodud\/\",\"https:\/\/www.instagram.com\/lumikodud\/\",\"https:\/\/www.linkedin.com\/company\/lumi-capital\"]}]}<\/script>\n<!-- \/ Yoast SEO plugin. -->","yoast_head_json":{"title":"Join the waitinglist! - Lumi Majas","robots":{"index":"index","follow":"follow","max-snippet":"max-snippet:-1","max-image-preview":"max-image-preview:large","max-video-preview":"max-video-preview:-1"},"canonical":"https:\/\/lumimajas.lv\/en\/join-the-waitinglist\/","og_locale":"en_US","og_type":"article","og_title":"Join the waitinglist! - Lumi Majas","og_url":"https:\/\/lumimajas.lv\/en\/join-the-waitinglist\/","og_site_name":"Lumi Majas","article_publisher":"https:\/\/www.facebook.com\/LumiKodud\/","article_modified_time":"2025-10-21T07:02:48+00:00","og_image":[{"width":1200,"height":675,"url":"https:\/\/lumimajas.lv\/wp-content\/uploads\/sites\/2\/2025\/11\/LumiMajasSEOImage.png","type":"image\/png"}],"twitter_card":"summary_large_image","schema":{"@context":"https:\/\/schema.org","@graph":[{"@type":"WebPage","@id":"https:\/\/lumimajas.lv\/en\/join-the-waitinglist\/","url":"https:\/\/lumimajas.lv\/en\/join-the-waitinglist\/","name":"Join the waitinglist! - Lumi Majas","isPartOf":{"@id":"https:\/\/lumimajas.lv\/en\/#website"},"datePublished":"2025-09-02T07:20:53+00:00","dateModified":"2025-10-21T07:02:48+00:00","breadcrumb":{"@id":"https:\/\/lumimajas.lv\/en\/join-the-waitinglist\/#breadcrumb"},"inLanguage":"en-US","potentialAction":[{"@type":"ReadAction","target":["https:\/\/lumimajas.lv\/en\/join-the-waitinglist\/"]}]},{"@type":"BreadcrumbList","@id":"https:\/\/lumimajas.lv\/en\/join-the-waitinglist\/#breadcrumb","itemListElement":[{"@type":"ListItem","position":1,"name":"Lumi Majas","item":"https:\/\/lumimajas.lv\/en\/"},{"@type":"ListItem","position":2,"name":"Join the waitinglist!"}]},{"@type":"WebSite","@id":"https:\/\/lumimajas.lv\/en\/#website","url":"https:\/\/lumimajas.lv\/en\/","name":"Lumi Majas","description":"Jauni \u012bres dz\u012bvok\u013ci","publisher":{"@id":"https:\/\/lumimajas.lv\/en\/#organization"},"potentialAction":[{"@type":"SearchAction","target":{"@type":"EntryPoint","urlTemplate":"https:\/\/lumimajas.lv\/en\/?s={search_term_string}"},"query-input":{"@type":"PropertyValueSpecification","valueRequired":true,"valueName":"search_term_string"}}],"inLanguage":"en-US"},{"@type":"Organization","@id":"https:\/\/lumimajas.lv\/en\/#organization","name":"Lumi Majas","url":"https:\/\/lumimajas.lv\/en\/","logo":{"@type":"ImageObject","inLanguage":"en-US","@id":"https:\/\/lumimajas.lv\/en\/#\/schema\/logo\/image\/","url":"https:\/\/lumimajas.lv\/wp-content\/uploads\/sites\/2\/2025\/08\/logo-header.svg","contentUrl":"https:\/\/lumimajas.lv\/wp-content\/uploads\/sites\/2\/2025\/08\/logo-header.svg","width":1,"height":1,"caption":"Lumi Majas"},"image":{"@id":"https:\/\/lumimajas.lv\/en\/#\/schema\/logo\/image\/"},"sameAs":["https:\/\/www.facebook.com\/LumiKodud\/","https:\/\/www.instagram.com\/lumikodud\/","https:\/\/www.linkedin.com\/company\/lumi-capital"]}]}},"_links":{"self":[{"href":"https:\/\/lumimajas.lv\/en\/wp-json\/wp\/v2\/pages\/9238","targetHints":{"allow":["GET"]}}],"collection":[{"href":"https:\/\/lumimajas.lv\/en\/wp-json\/wp\/v2\/pages"}],"about":[{"href":"https:\/\/lumimajas.lv\/en\/wp-json\/wp\/v2\/types\/page"}],"author":[{"embeddable":true,"href":"https:\/\/lumimajas.lv\/en\/wp-json\/wp\/v2\/users\/1"}],"replies":[{"embeddable":true,"href":"https:\/\/lumimajas.lv\/en\/wp-json\/wp\/v2\/comments?post=9238"}],"version-history":[{"count":1,"href":"https:\/\/lumimajas.lv\/en\/wp-json\/wp\/v2\/pages\/9238\/revisions"}],"predecessor-version":[{"id":9239,"href":"https:\/\/lumimajas.lv\/en\/wp-json\/wp\/v2\/pages\/9238\/revisions\/9239"}],"wp:attachment":[{"href":"https:\/\/lumimajas.lv\/en\/wp-json\/wp\/v2\/media?parent=9238"}],"curies":[{"name":"wp","href":"https:\/\/api.w.org\/{rel}","templated":true}]}}